{"id":14,"date":"2025-06-20T23:01:35","date_gmt":"2025-06-20T21:01:35","guid":{"rendered":"https:\/\/safarinity.fr\/about\/"},"modified":"2026-03-24T15:29:53","modified_gmt":"2026-03-24T14:29:53","slug":"about","status":"publish","type":"page","link":"https:\/\/safarinity.fr\/en\/about\/","title":{"rendered":"About"},"content":{"rendered":"<div data-elementor-type=\"wp-page\" data-elementor-id=\"14\" class=\"elementor elementor-14\">\n\t\t\t\t<div class=\"elementor-element elementor-element-dcfb448 e-flex e-con-boxed e-con e-parent\" data-id=\"dcfb448\" data-element_type=\"container\" data-settings=\"{&quot;background_background&quot;:&quot;classic&quot;}\">\n\t\t\t\t\t<div class=\"e-con-inner\">\n\t\t<div class=\"elementor-element elementor-element-d21b7e0 e-flex e-con-boxed e-con e-child\" data-id=\"d21b7e0\" data-element_type=\"container\">\n\t\t\t\t\t<div class=\"e-con-inner\">\n\t\t\t\t<div class=\"elementor-element elementor-element-e9fd9dc elementor-widget elementor-widget-heading\" data-id=\"e9fd9dc\" data-element_type=\"widget\" data-widget_type=\"heading.default\">\n\t\t\t\t<div class=\"elementor-widget-container\">\n\t\t\t\t\t<h1 class=\"elementor-heading-title elementor-size-default\">La terre d'Allah est vaste. <br>\nIl serait dommage de ne pas la parcourir.<\/h1>\t\t\t\t<\/div>\n\t\t\t\t<\/div>\n\t\t\t\t\t<\/div>\n\t\t\t\t<\/div>\n\t\t\t\t\t<\/div>\n\t\t\t\t<\/div>\n\t\t<div class=\"elementor-element elementor-element-500861b e-flex e-con-boxed e-con e-parent\" data-id=\"500861b\" data-element_type=\"container\">\n\t\t\t\t\t<div class=\"e-con-inner\">\n\t\t<div class=\"elementor-element elementor-element-7dbc6fb e-con-full e-flex e-con e-child\" data-id=\"7dbc6fb\" data-element_type=\"container\">\n\t\t\t\t<div class=\"elementor-element elementor-element-1b5cc75 elementor-widget elementor-widget-text-editor\" data-id=\"1b5cc75\" data-element_type=\"widget\" data-widget_type=\"text-editor.default\">\n\t\t\t\t<div class=\"elementor-widget-container\">\n\t\t\t\t\t\t\t\t\t<p>J&rsquo;ai voyag\u00e9 au Japon pour la premi\u00e8re fois en 2019, avec mon mari.<br>Je ne savais pas ce que j&rsquo;allais y trouver.<br>Je m&rsquo;attendais \u00e0 la beaut\u00e9 : les temples, les jardins, la lumi\u00e8re de Kyoto \u00e0 l&rsquo;heure dor\u00e9e.&nbsp;<\/p><p>Mais ce qui m&rsquo;a boulevers\u00e9e, c&rsquo;est autre chose.<br>La pudeur naturelle des Japonais. Le respect silencieux dans chaque geste. L&rsquo;humilit\u00e9 \u00e9rig\u00e9e en art de vivre.&nbsp;<\/p><p>Des valeurs que je porte en tant que musulmane et que j&rsquo;ai retrouv\u00e9es l\u00e0-bas, \u00e0 des milliers de kilom\u00e8tres de chez moi.<\/p><p><br>Et puis, la surprise : une offre halal bien plus riche que tout ce qu&rsquo;on imagine.&nbsp;<\/p><p>Des restaurants certifi\u00e9s, des chefs qui comprennent, des adresses que personne ne mentionne dans les guides classiques.<\/p><p><br>J&rsquo;y suis retourn\u00e9e en 2020. Tokyo, Kyoto, Osaka, Kobe, Nara et des chemins hors des sentiers battus que je garde pr\u00e9cieusement pour mes voyageuses.<\/p>\t\t\t\t\t\t\t\t<\/div>\n\t\t\t\t<\/div>\n\t\t\t\t<div class=\"elementor-element elementor-element-6ccb9fc elementor-widget elementor-widget-heading\" data-id=\"6ccb9fc\" data-element_type=\"widget\" data-widget_type=\"heading.default\">\n\t\t\t\t<div class=\"elementor-widget-container\">\n\t\t\t\t\t<h3 class=\"elementor-heading-title elementor-size-default\">Ikram, fondatrice de Safarinity<\/h3>\t\t\t\t<\/div>\n\t\t\t\t<\/div>\n\t\t\t\t<div class=\"elementor-element elementor-element-e9a8c1e elementor-widget elementor-widget-image\" data-id=\"e9a8c1e\" data-element_type=\"widget\" data-widget_type=\"image.default\">\n\t\t\t\t<div class=\"elementor-widget-container\">\n\t\t\t\t\t\t\t\t\t\t\t\t\t\t\t<img decoding=\"async\" src=\"https:\/\/safarinity.fr\/wp-content\/uploads\/2026\/03\/Safarinity-4.png\" title=\"Safarinity 4\" alt=\"Safarinity 4\" loading=\"lazy\" \/>\t\t\t\t\t\t\t\t\t\t\t\t\t\t\t<\/div>\n\t\t\t\t<\/div>\n\t\t\t\t<div class=\"elementor-element elementor-element-3061d2f elementor-widget elementor-widget-heading\" data-id=\"3061d2f\" data-element_type=\"widget\" data-widget_type=\"heading.default\">\n\t\t\t\t<div class=\"elementor-widget-container\">\n\t\t\t\t\t<h2 class=\"elementor-heading-title elementor-size-default\">Pourquoi j'ai cr\u00e9\u00e9 Safarinity ?<\/h2>\t\t\t\t<\/div>\n\t\t\t\t<\/div>\n\t\t\t\t<div class=\"elementor-element elementor-element-f6fc85b elementor-widget elementor-widget-heading\" data-id=\"f6fc85b\" data-element_type=\"widget\" data-widget_type=\"heading.default\">\n\t\t\t\t<div class=\"elementor-widget-container\">\n\t\t\t\t\t<div class=\"elementor-heading-title elementor-size-default\">Je con\u00e7ois des itin\u00e9raires sur-mesure au Japon et en Asie pour les femmes et les familles musulmanes.<br><br>\nChaque \u00e9tape est pens\u00e9e : les h\u00e9bergements avec intimit\u00e9 pr\u00e9serv\u00e9e, les restaurants halal v\u00e9rifi\u00e9s un par un, les lieux de pri\u00e8re rep\u00e9r\u00e9s sur le parcours, les transitions douces entre chaque ville.<br><br>\nJe ne me contente pas d'une mention \"Muslim-friendly\" trouv\u00e9e sur internet.<br><br>\nJe fais la diff\u00e9rence entre un restaurant 100% halal et un \u00e9tablissement qui propose des plats halal \u00e0 la demande tout en servant du porc et de l'alcool.<br><br>\nCette distinction, seule quelqu'un qui a cherch\u00e9, go\u00fbt\u00e9, v\u00e9rifi\u00e9 sur place peut la faire.<br><br>\nC'est mon travail.<br><br>\nC'est ma rigueur.<br><br>\nC'est votre tranquillit\u00e9.<br><\/div>\t\t\t\t<\/div>\n\t\t\t\t<\/div>\n\t\t<div class=\"elementor-element elementor-element-e8759e3 e-con-full e-flex e-con e-child\" data-id=\"e8759e3\" data-element_type=\"container\" data-settings=\"{&quot;background_background&quot;:&quot;classic&quot;}\">\n\t\t\t\t<div class=\"elementor-element elementor-element-5182837 elementor-widget elementor-widget-image\" data-id=\"5182837\" data-element_type=\"widget\" data-widget_type=\"image.default\">\n\t\t\t\t<div class=\"elementor-widget-container\">\n\t\t\t\t\t\t\t\t\t\t\t\t\t\t\t<img fetchpriority=\"high\" decoding=\"async\" width=\"1024\" height=\"687\" src=\"https:\/\/safarinity.fr\/wp-content\/uploads\/2026\/03\/Safarinity-5-1024x687.png\" class=\"attachment-large size-large wp-image-2360\" alt=\"\" srcset=\"https:\/\/safarinity.fr\/wp-content\/uploads\/2026\/03\/Safarinity-5-1024x687.png 1024w, https:\/\/safarinity.fr\/wp-content\/uploads\/2026\/03\/Safarinity-5-300x201.png 300w, https:\/\/safarinity.fr\/wp-content\/uploads\/2026\/03\/Safarinity-5-768x515.png 768w, https:\/\/safarinity.fr\/wp-content\/uploads\/2026\/03\/Safarinity-5-1536x1030.png 1536w, https:\/\/safarinity.fr\/wp-content\/uploads\/2026\/03\/Safarinity-5-2048x1374.png 2048w, https:\/\/safarinity.fr\/wp-content\/uploads\/2026\/03\/Safarinity-5-18x12.png 18w, https:\/\/safarinity.fr\/wp-content\/uploads\/2026\/03\/Safarinity-5-1320x886.png 1320w\" sizes=\"(max-width: 1024px) 100vw, 1024px\" \/>\t\t\t\t\t\t\t\t\t\t\t\t\t\t\t<\/div>\n\t\t\t\t<\/div>\n\t\t\t\t<\/div>\n\t\t<div class=\"elementor-element elementor-element-bda37a0 e-con-full e-flex e-con e-child\" data-id=\"bda37a0\" data-element_type=\"container\">\n\t\t\t\t<div class=\"elementor-element elementor-element-1078e9d elementor-widget elementor-widget-hfe-infocard\" data-id=\"1078e9d\" data-element_type=\"widget\" data-widget_type=\"hfe-infocard.default\">\n\t\t\t\t<div class=\"elementor-widget-container\">\n\t\t\t\t\t\n\t\t<div class=\"hfe-infocard\">\n\t\t\t\t\t\t\t\t\t<div class=\"hfe-infocard-text-wrap\">\n\t\t\t\t<div class=\"hfe-infocard-text elementor-inline-editing\" data-elementor-setting-key=\"infocard_description\" data-elementor-inline-editing-toolbar=\"advanced\">\n\t\t\t\t\t\t\t\t\t<\/div>\n\t\t\t\t\t\t\t<\/div>\n\t\t<\/div>\n\n\t\t\t\t\t\t<\/div>\n\t\t\t\t<\/div>\n\t\t\t\t<\/div>\n\t\t\t\t<div class=\"elementor-element elementor-element-dc17847 elementor-widget elementor-widget-hfe-infocard\" data-id=\"dc17847\" data-element_type=\"widget\" data-widget_type=\"hfe-infocard.default\">\n\t\t\t\t<div class=\"elementor-widget-container\">\n\t\t\t\t\t\n\t\t<div class=\"hfe-infocard\">\n\t\t\t\t\t\t\t\t\t<div class=\"hfe-infocard-title-wrap\">\n\t\t\t\t<h3 class=\"hfe-infocard-title elementor-inline-editing\" data-elementor-setting-key=\"infocard_title\" data-elementor-inline-editing-toolbar=\"basic\" >My values<\/h3>\t\t\t<\/div>\n\t\t\t\t\t\t<div class=\"hfe-infocard-text-wrap\">\n\t\t\t\t<div class=\"hfe-infocard-text elementor-inline-editing\" data-elementor-setting-key=\"infocard_description\" data-elementor-inline-editing-toolbar=\"advanced\">\n\t\t\t\t\t<p>L'excellence et la sinc\u00e9rit\u00e9 \u2014 al-Ihsan.<\/p><p>Je ne vous proposerai jamais une adresse que je n'ai pas v\u00e9rifi\u00e9e.<\/p><p>Je ne vous recommanderai jamais un lieu par facilit\u00e9.<\/p><p>Je crois au voyage lent.<\/p><p>Celui o\u00f9 l'on prend le temps de s'impr\u00e9gner, de respecter le lieu qui nous accueille, de se reconnecter \u00e0 l'essentiel.<\/p><p>Loin du tourisme de masse.<\/p><p>Loin de la course.<\/p><p>Proche de soi.<\/p>\t\t\t\t<\/div>\n\t\t\t\t\t\t\t<\/div>\n\t\t<\/div>\n\n\t\t\t\t\t\t<\/div>\n\t\t\t\t<\/div>\n\t\t<div class=\"elementor-element elementor-element-51b695b e-flex e-con-boxed e-con e-child\" data-id=\"51b695b\" data-element_type=\"container\">\n\t\t\t\t\t<div class=\"e-con-inner\">\n\t\t<div class=\"elementor-element elementor-element-8c3d36e e-flex e-con-boxed e-con e-child\" data-id=\"8c3d36e\" data-element_type=\"container\">\n\t\t\t\t\t<div class=\"e-con-inner\">\n\t\t\t\t\t<\/div>\n\t\t\t\t<\/div>\n\t\t\t\t\t<\/div>\n\t\t\t\t<\/div>\n\t\t\t\t<\/div>\n\t\t\t\t\t<\/div>\n\t\t\t\t<\/div>\n\t\t<div class=\"elementor-element elementor-element-ba46aa4 e-flex e-con-boxed e-con e-parent\" data-id=\"ba46aa4\" data-element_type=\"container\" data-settings=\"{&quot;background_background&quot;:&quot;classic&quot;}\">\n\t\t\t\t\t<div class=\"e-con-inner\">\n\t\t<div class=\"elementor-element elementor-element-920e714 e-con-full e-flex e-con e-child\" data-id=\"920e714\" data-element_type=\"container\">\n\t\t\t\t<\/div>\n\t\t<div class=\"elementor-element elementor-element-94092f7 e-con-full e-flex e-con e-child\" data-id=\"94092f7\" data-element_type=\"container\">\n\t\t\t\t<div class=\"elementor-element elementor-element-aad1e15 elementor-widget elementor-widget-image\" data-id=\"aad1e15\" data-element_type=\"widget\" data-widget_type=\"image.default\">\n\t\t\t\t<div class=\"elementor-widget-container\">\n\t\t\t\t\t\t\t\t\t\t\t\t\t\t\t<img decoding=\"async\" src=\"https:\/\/safarinity.fr\/wp-content\/uploads\/2021\/11\/quotes-1.svg\" class=\"attachment-full size-full wp-image-117\" alt=\"\" \/>\t\t\t\t\t\t\t\t\t\t\t\t\t\t\t<\/div>\n\t\t\t\t<\/div>\n\t\t\t\t<div class=\"elementor-element elementor-element-7f86a88 elementor-widget elementor-widget-heading\" data-id=\"7f86a88\" data-element_type=\"widget\" data-widget_type=\"heading.default\">\n\t\t\t\t<div class=\"elementor-widget-container\">\n\t\t\t\t\t<h4 class=\"elementor-heading-title elementor-size-default\">At Safarinity, every journey is a response to that divine invitation:\n\u201cSay, \u2018Travel through the land and observe how He began creation.\u2019\u201d<\/h4>\t\t\t\t<\/div>\n\t\t\t\t<\/div>\n\t\t\t\t<div class=\"elementor-element elementor-element-22c93f1 elementor-widget elementor-widget-text-editor\" data-id=\"22c93f1\" data-element_type=\"widget\" data-widget_type=\"text-editor.default\">\n\t\t\t\t<div class=\"elementor-widget-container\">\n\t\t\t\t\t\t\t\t\t<p>Coran, Surah Al-\u2018Ankabut, 29:20<\/p>\t\t\t\t\t\t\t\t<\/div>\n\t\t\t\t<\/div>\n\t\t\t\t<\/div>\n\t\t<div class=\"elementor-element elementor-element-0bd015f e-con-full e-flex e-con e-child\" data-id=\"0bd015f\" data-element_type=\"container\">\n\t\t\t\t<\/div>\n\t\t\t\t\t<\/div>\n\t\t\t\t<\/div>\n\t\t<div class=\"elementor-element elementor-element-f2c151b e-flex e-con-boxed e-con e-parent\" data-id=\"f2c151b\" data-element_type=\"container\">\n\t\t\t\t\t<div class=\"e-con-inner\">\n\t\t\t\t<div class=\"elementor-element elementor-element-d0739fe elementor-align-center elementor-widget elementor-widget-button\" data-id=\"d0739fe\" data-element_type=\"widget\" data-widget_type=\"button.default\">\n\t\t\t\t<div class=\"elementor-widget-container\">\n\t\t\t\t\t\t\t\t\t<div class=\"elementor-button-wrapper\">\n\t\t\t\t\t<a class=\"elementor-button elementor-button-link elementor-size-sm\" href=\"\">\n\t\t\t\t\t\t<span class=\"elementor-button-content-wrapper\">\n\t\t\t\t\t\t\t\t\t<span class=\"elementor-button-text\">D\u00e9couvrir les exp\u00e9riences sur-mesure<\/span>\n\t\t\t\t\t<\/span>\n\t\t\t\t\t<\/a>\n\t\t\t\t<\/div>\n\t\t\t\t\t\t\t\t<\/div>\n\t\t\t\t<\/div>\n\t\t\t\t\t<\/div>\n\t\t\t\t<\/div>\n\t\t\t\t<\/div>","protected":false},"excerpt":{"rendered":"<p>La terre d&rsquo;Allah est vaste. Il serait dommage de ne pas la parcourir. J&rsquo;ai voyag\u00e9 au Japon pour la premi\u00e8re fois en 2019, avec mon mari.Je ne savais pas ce que j&rsquo;allais y trouver.Je m&rsquo;attendais \u00e0 la beaut\u00e9 : les temples, les jardins, la lumi\u00e8re de Kyoto \u00e0 l&rsquo;heure dor\u00e9e.&nbsp; Mais ce qui m&rsquo;a boulevers\u00e9e, [&hellip;]<\/p>","protected":false},"author":1,"featured_media":0,"parent":0,"menu_order":0,"comment_status":"closed","ping_status":"closed","template":"","meta":{"site-sidebar-layout":"no-sidebar","site-content-layout":"page-builder","ast-site-content-layout":"default","site-content-style":"default","site-sidebar-style":"default","ast-global-header-display":"","ast-banner-title-visibility":"","ast-main-header-display":"","ast-hfb-above-header-display":"","ast-hfb-below-header-display":"","ast-hfb-mobile-header-display":"","site-post-title":"disabled","ast-breadcrumbs-content":"","ast-featured-img":"disabled","footer-sml-layout":"","theme-transparent-header-meta":"enabled","adv-header-id-meta":"","stick-header-meta":"","header-above-stick-meta":"","header-main-stick-meta":"","header-below-stick-meta":"","astra-migrate-meta-layouts":"default","ast-page-background-enabled":"default","ast-page-background-meta":{"desktop":{"background-color":"var(--ast-global-color-4)","background-image":"","background-repeat":"repeat","background-position":"center center","background-size":"auto","background-attachment":"scroll","background-type":"","background-media":"","overlay-type":"","overlay-color":"","overlay-opacity":"","overlay-gradient":""},"tablet":{"background-color":"","background-image":"","background-repeat":"repeat","background-position":"center center","background-size":"auto","background-attachment":"scroll","background-type":"","background-media":"","overlay-type":"","overlay-color":"","overlay-opacity":"","overlay-gradient":""},"mobile":{"background-color":"","background-image":"","background-repeat":"repeat","background-position":"center center","background-size":"auto","background-attachment":"scroll","background-type":"","background-media":"","overlay-type":"","overlay-color":"","overlay-opacity":"","overlay-gradient":""}},"ast-content-background-meta":{"desktop":{"background-color":"var(--ast-global-color-5)","background-image":"","background-repeat":"repeat","background-position":"center center","background-size":"auto","background-attachment":"scroll","background-type":"","background-media":"","overlay-type":"","overlay-color":"","overlay-opacity":"","overlay-gradient":""},"tablet":{"background-color":"var(--ast-global-color-5)","background-image":"","background-repeat":"repeat","background-position":"center center","background-size":"auto","background-attachment":"scroll","background-type":"","background-media":"","overlay-type":"","overlay-color":"","overlay-opacity":"","overlay-gradient":""},"mobile":{"background-color":"var(--ast-global-color-5)","background-image":"","background-repeat":"repeat","background-position":"center center","background-size":"auto","background-attachment":"scroll","background-type":"","background-media":"","overlay-type":"","overlay-color":"","overlay-opacity":"","overlay-gradient":""}},"footnotes":""},"class_list":["post-14","page","type-page","status-publish","hentry"],"yoast_head":"<!-- This site is optimized with the Yoast SEO plugin v26.7 - https:\/\/yoast.com\/wordpress\/plugins\/seo\/ -->\n<title>A propos - Safarinity<\/title>\n<meta name=\"robots\" content=\"index, follow, max-snippet:-1, max-image-preview:large, max-video-preview:-1\" \/>\n<link rel=\"canonical\" href=\"https:\/\/safarinity.fr\/en\/about\/\" \/>\n<meta property=\"og:locale\" content=\"en_US\" \/>\n<meta property=\"og:type\" content=\"article\" \/>\n<meta property=\"og:title\" content=\"A propos - Safarinity\" \/>\n<meta property=\"og:description\" content=\"La terre d&rsquo;Allah est vaste. Il serait dommage de ne pas la parcourir. J&rsquo;ai voyag\u00e9 au Japon pour la premi\u00e8re fois en 2019, avec mon mari.Je ne savais pas ce que j&rsquo;allais y trouver.Je m&rsquo;attendais \u00e0 la beaut\u00e9 : les temples, les jardins, la lumi\u00e8re de Kyoto \u00e0 l&rsquo;heure dor\u00e9e.&nbsp; Mais ce qui m&rsquo;a boulevers\u00e9e, [&hellip;]\" \/>\n<meta property=\"og:url\" content=\"https:\/\/safarinity.fr\/en\/about\/\" \/>\n<meta property=\"og:site_name\" content=\"Safarinity\" \/>\n<meta property=\"article:modified_time\" content=\"2026-03-24T14:29:53+00:00\" \/>\n<meta property=\"og:image\" content=\"http:\/\/safarinity.fr\/wp-content\/uploads\/elementor\/thumbs\/Safarinity-4-rkzecncis7r9zb5vbclq9gevhi7ga218yu6j2tvu9c.png\" \/>\n<meta name=\"twitter:card\" content=\"summary_large_image\" \/>\n<meta name=\"twitter:label1\" content=\"Est. reading time\" \/>\n\t<meta name=\"twitter:data1\" content=\"2 minutes\" \/>\n<script type=\"application\/ld+json\" class=\"yoast-schema-graph\">{\"@context\":\"https:\/\/schema.org\",\"@graph\":[{\"@type\":\"WebPage\",\"@id\":\"https:\/\/safarinity.fr\/about\/\",\"url\":\"https:\/\/safarinity.fr\/about\/\",\"name\":\"A propos - Safarinity\",\"isPartOf\":{\"@id\":\"https:\/\/safarinity.fr\/#website\"},\"primaryImageOfPage\":{\"@id\":\"https:\/\/safarinity.fr\/about\/#primaryimage\"},\"image\":{\"@id\":\"https:\/\/safarinity.fr\/about\/#primaryimage\"},\"thumbnailUrl\":\"http:\/\/safarinity.fr\/wp-content\/uploads\/elementor\/thumbs\/Safarinity-4-rkzecncis7r9zb5vbclq9gevhi7ga218yu6j2tvu9c.png\",\"datePublished\":\"2025-06-20T21:01:35+00:00\",\"dateModified\":\"2026-03-24T14:29:53+00:00\",\"breadcrumb\":{\"@id\":\"https:\/\/safarinity.fr\/about\/#breadcrumb\"},\"inLanguage\":\"en-US\",\"potentialAction\":[{\"@type\":\"ReadAction\",\"target\":[\"https:\/\/safarinity.fr\/about\/\"]}]},{\"@type\":\"ImageObject\",\"inLanguage\":\"en-US\",\"@id\":\"https:\/\/safarinity.fr\/about\/#primaryimage\",\"url\":\"http:\/\/safarinity.fr\/wp-content\/uploads\/elementor\/thumbs\/Safarinity-4-rkzecncis7r9zb5vbclq9gevhi7ga218yu6j2tvu9c.png\",\"contentUrl\":\"http:\/\/safarinity.fr\/wp-content\/uploads\/elementor\/thumbs\/Safarinity-4-rkzecncis7r9zb5vbclq9gevhi7ga218yu6j2tvu9c.png\"},{\"@type\":\"BreadcrumbList\",\"@id\":\"https:\/\/safarinity.fr\/about\/#breadcrumb\",\"itemListElement\":[{\"@type\":\"ListItem\",\"position\":1,\"name\":\"Accueil\",\"item\":\"https:\/\/safarinity.fr\/\"},{\"@type\":\"ListItem\",\"position\":2,\"name\":\"A propos\"}]},{\"@type\":\"WebSite\",\"@id\":\"https:\/\/safarinity.fr\/#website\",\"url\":\"https:\/\/safarinity.fr\/\",\"name\":\"Safarinity\",\"description\":\"Travel Planner Muslim Friendly\",\"publisher\":{\"@id\":\"https:\/\/safarinity.fr\/#organization\"},\"potentialAction\":[{\"@type\":\"SearchAction\",\"target\":{\"@type\":\"EntryPoint\",\"urlTemplate\":\"https:\/\/safarinity.fr\/?s={search_term_string}\"},\"query-input\":{\"@type\":\"PropertyValueSpecification\",\"valueRequired\":true,\"valueName\":\"search_term_string\"}}],\"inLanguage\":\"en-US\"},{\"@type\":\"Organization\",\"@id\":\"https:\/\/safarinity.fr\/#organization\",\"name\":\"Safarinity\",\"url\":\"https:\/\/safarinity.fr\/\",\"logo\":{\"@type\":\"ImageObject\",\"inLanguage\":\"en-US\",\"@id\":\"https:\/\/safarinity.fr\/#\/schema\/logo\/image\/\",\"url\":\"https:\/\/safarinity.fr\/wp-content\/uploads\/2025\/06\/8fd60aff-06cf-4009-91fa-4a11ade7cf10-1.png\",\"contentUrl\":\"https:\/\/safarinity.fr\/wp-content\/uploads\/2025\/06\/8fd60aff-06cf-4009-91fa-4a11ade7cf10-1.png\",\"width\":1414,\"height\":1418,\"caption\":\"Safarinity\"},\"image\":{\"@id\":\"https:\/\/safarinity.fr\/#\/schema\/logo\/image\/\"}}]}<\/script>\n<!-- \/ Yoast SEO plugin. -->","yoast_head_json":{"title":"A propos - Safarinity","robots":{"index":"index","follow":"follow","max-snippet":"max-snippet:-1","max-image-preview":"max-image-preview:large","max-video-preview":"max-video-preview:-1"},"canonical":"https:\/\/safarinity.fr\/en\/about\/","og_locale":"en_US","og_type":"article","og_title":"A propos - Safarinity","og_description":"La terre d&rsquo;Allah est vaste. Il serait dommage de ne pas la parcourir. J&rsquo;ai voyag\u00e9 au Japon pour la premi\u00e8re fois en 2019, avec mon mari.Je ne savais pas ce que j&rsquo;allais y trouver.Je m&rsquo;attendais \u00e0 la beaut\u00e9 : les temples, les jardins, la lumi\u00e8re de Kyoto \u00e0 l&rsquo;heure dor\u00e9e.&nbsp; Mais ce qui m&rsquo;a boulevers\u00e9e, [&hellip;]","og_url":"https:\/\/safarinity.fr\/en\/about\/","og_site_name":"Safarinity","article_modified_time":"2026-03-24T14:29:53+00:00","og_image":[{"url":"http:\/\/safarinity.fr\/wp-content\/uploads\/elementor\/thumbs\/Safarinity-4-rkzecncis7r9zb5vbclq9gevhi7ga218yu6j2tvu9c.png","type":"","width":"","height":""}],"twitter_card":"summary_large_image","twitter_misc":{"Est. reading time":"2 minutes"},"schema":{"@context":"https:\/\/schema.org","@graph":[{"@type":"WebPage","@id":"https:\/\/safarinity.fr\/about\/","url":"https:\/\/safarinity.fr\/about\/","name":"A propos - Safarinity","isPartOf":{"@id":"https:\/\/safarinity.fr\/#website"},"primaryImageOfPage":{"@id":"https:\/\/safarinity.fr\/about\/#primaryimage"},"image":{"@id":"https:\/\/safarinity.fr\/about\/#primaryimage"},"thumbnailUrl":"http:\/\/safarinity.fr\/wp-content\/uploads\/elementor\/thumbs\/Safarinity-4-rkzecncis7r9zb5vbclq9gevhi7ga218yu6j2tvu9c.png","datePublished":"2025-06-20T21:01:35+00:00","dateModified":"2026-03-24T14:29:53+00:00","breadcrumb":{"@id":"https:\/\/safarinity.fr\/about\/#breadcrumb"},"inLanguage":"en-US","potentialAction":[{"@type":"ReadAction","target":["https:\/\/safarinity.fr\/about\/"]}]},{"@type":"ImageObject","inLanguage":"en-US","@id":"https:\/\/safarinity.fr\/about\/#primaryimage","url":"http:\/\/safarinity.fr\/wp-content\/uploads\/elementor\/thumbs\/Safarinity-4-rkzecncis7r9zb5vbclq9gevhi7ga218yu6j2tvu9c.png","contentUrl":"http:\/\/safarinity.fr\/wp-content\/uploads\/elementor\/thumbs\/Safarinity-4-rkzecncis7r9zb5vbclq9gevhi7ga218yu6j2tvu9c.png"},{"@type":"BreadcrumbList","@id":"https:\/\/safarinity.fr\/about\/#breadcrumb","itemListElement":[{"@type":"ListItem","position":1,"name":"Accueil","item":"https:\/\/safarinity.fr\/"},{"@type":"ListItem","position":2,"name":"A propos"}]},{"@type":"WebSite","@id":"https:\/\/safarinity.fr\/#website","url":"https:\/\/safarinity.fr\/","name":"Safarinity","description":"Travel Planner Muslim Friendly","publisher":{"@id":"https:\/\/safarinity.fr\/#organization"},"potentialAction":[{"@type":"SearchAction","target":{"@type":"EntryPoint","urlTemplate":"https:\/\/safarinity.fr\/?s={search_term_string}"},"query-input":{"@type":"PropertyValueSpecification","valueRequired":true,"valueName":"search_term_string"}}],"inLanguage":"en-US"},{"@type":"Organization","@id":"https:\/\/safarinity.fr\/#organization","name":"Safarinity","url":"https:\/\/safarinity.fr\/","logo":{"@type":"ImageObject","inLanguage":"en-US","@id":"https:\/\/safarinity.fr\/#\/schema\/logo\/image\/","url":"https:\/\/safarinity.fr\/wp-content\/uploads\/2025\/06\/8fd60aff-06cf-4009-91fa-4a11ade7cf10-1.png","contentUrl":"https:\/\/safarinity.fr\/wp-content\/uploads\/2025\/06\/8fd60aff-06cf-4009-91fa-4a11ade7cf10-1.png","width":1414,"height":1418,"caption":"Safarinity"},"image":{"@id":"https:\/\/safarinity.fr\/#\/schema\/logo\/image\/"}}]}},"_links":{"self":[{"href":"https:\/\/safarinity.fr\/en\/wp-json\/wp\/v2\/pages\/14","targetHints":{"allow":["GET"]}}],"collection":[{"href":"https:\/\/safarinity.fr\/en\/wp-json\/wp\/v2\/pages"}],"about":[{"href":"https:\/\/safarinity.fr\/en\/wp-json\/wp\/v2\/types\/page"}],"author":[{"embeddable":true,"href":"https:\/\/safarinity.fr\/en\/wp-json\/wp\/v2\/users\/1"}],"replies":[{"embeddable":true,"href":"https:\/\/safarinity.fr\/en\/wp-json\/wp\/v2\/comments?post=14"}],"version-history":[{"count":18,"href":"https:\/\/safarinity.fr\/en\/wp-json\/wp\/v2\/pages\/14\/revisions"}],"predecessor-version":[{"id":2363,"href":"https:\/\/safarinity.fr\/en\/wp-json\/wp\/v2\/pages\/14\/revisions\/2363"}],"wp:attachment":[{"href":"https:\/\/safarinity.fr\/en\/wp-json\/wp\/v2\/media?parent=14"}],"curies":[{"name":"wp","href":"https:\/\/api.w.org\/{rel}","templated":true}]}}